{"id":9917,"date":"2024-01-30T15:03:32","date_gmt":"2024-01-30T14:03:32","guid":{"rendered":"https:\/\/tlk.stage.heyrobot.com\/?post_type=product&#038;p=9917"},"modified":"2026-01-09T15:14:59","modified_gmt":"2026-01-09T14:14:59","slug":"two-faced-ring","status":"publish","type":"product","link":"https:\/\/thelongkiss.dk\/fr\/produkt\/two-faced-ring\/","title":{"rendered":"Bague \u00e0 deux t\u00eates"},"content":{"rendered":"<p>DELIVERY<br \/>\nFor items &#8216;IN STOCK&#8217;:<\/p>\n<p>Denmark 2-4 business days<br \/>\nEurope 3-5 business days<br \/>\nRest of the world 5-9 business days<br \/>\nDelivery on &#8216;MADE TO ORDER&#8217; items can vary from 4-8 weeks. You are always welcome to contact our customer service for an update on your order.<\/p>\n<p>&nbsp;<\/p>","protected":false},"excerpt":{"rendered":"<p>Bague en or et diamant \u00e0 double face, symbolisant la magie entre deux cr\u00e9atures, \u00e9ternellement entrelac\u00e9es dans une union d'\u00e9merveillement et de fascination. Fabriqu\u00e9e en or 18 carats et orn\u00e9e d'un diamant blanc VVS de 0,10 carat. Finition \u00e0 la main par des ma\u00eetres orf\u00e8vres et diamantaires. Fait partie de la Collection Kiss.<\/p>\n<p>&nbsp;<\/p>\n<h5>A FAIRYTALE OF PASSION<\/h5>\n<p>The Kiss Collection is a fairytale of passion. Two wildly beasts falling in and out of love &#8211; A tour de force of power play and attraction.<\/p>\n<p>Design : The Long Kiss x Das Rotes Rabbit<\/p>\n<p>&nbsp;<\/p>\n<h5>CUSTOM-MADE SIZES<\/h5>\n<p>If you cannot find your size, you are very welcome to contact our customer service.<\/p>","protected":false},"featured_media":10856,"comment_status":"closed","ping_status":"closed","template":"","meta":[],"product_brand":[],"product_cat":[744,713],"product_tag":[],"class_list":{"0":"post-9917","1":"product","2":"type-product","3":"status-publish","4":"has-post-thumbnail","6":"product_cat-kiss-collection","7":"product_cat-rings","9":"first","10":"instock","11":"taxable","12":"shipping-taxable","13":"purchasable","14":"product-type-variable"},"_links":{"self":[{"href":"https:\/\/thelongkiss.dk\/fr\/wp-json\/wp\/v2\/product\/9917","targetHints":{"allow":["GET"]}}],"collection":[{"href":"https:\/\/thelongkiss.dk\/fr\/wp-json\/wp\/v2\/product"}],"about":[{"href":"https:\/\/thelongkiss.dk\/fr\/wp-json\/wp\/v2\/types\/product"}],"replies":[{"embeddable":true,"href":"https:\/\/thelongkiss.dk\/fr\/wp-json\/wp\/v2\/comments?post=9917"}],"wp:featuredmedia":[{"embeddable":true,"href":"https:\/\/thelongkiss.dk\/fr\/wp-json\/wp\/v2\/media\/10856"}],"wp:attachment":[{"href":"https:\/\/thelongkiss.dk\/fr\/wp-json\/wp\/v2\/media?parent=9917"}],"wp:term":[{"taxonomy":"product_brand","embeddable":true,"href":"https:\/\/thelongkiss.dk\/fr\/wp-json\/wp\/v2\/product_brand?post=9917"},{"taxonomy":"product_cat","embeddable":true,"href":"https:\/\/thelongkiss.dk\/fr\/wp-json\/wp\/v2\/product_cat?post=9917"},{"taxonomy":"product_tag","embeddable":true,"href":"https:\/\/thelongkiss.dk\/fr\/wp-json\/wp\/v2\/product_tag?post=9917"}],"curies":[{"name":"wp","href":"https:\/\/api.w.org\/{rel}","templated":true}]}}