{"id":9852,"date":"2024-01-26T16:10:38","date_gmt":"2024-01-26T15:10:38","guid":{"rendered":"https:\/\/tlk.stage.heyrobot.com\/?post_type=product&#038;p=9852"},"modified":"2025-12-18T19:06:19","modified_gmt":"2025-12-18T18:06:19","slug":"earth-earring","status":"publish","type":"product","link":"https:\/\/thelongkiss.dk\/fr\/produkt\/earth-earring\/","title":{"rendered":"Pair of Earth earrings"},"content":{"rendered":"<p>DELIVERY<br \/>\nFor items &#8216;IN STOCK&#8217;:<\/p>\n<p>Denmark 2-4 business days<br \/>\nEurope 3-5 business days<br \/>\nRest of the world 5-9 business days<br \/>\nDelivery on &#8216;MADE TO ORDER&#8217; items can vary from 4-8 weeks. You are always welcome to contact our customer service for an update on your order.<\/p>\n<p>&nbsp;<\/p>","protected":false},"excerpt":{"rendered":"<p>Pair of earrings shaped in gold with dark blue Lapis Lazuli as planet earth. Crafted from 18 karat gold and hand-finished by master goldsmiths. Part of the One Collection.<\/p>\n<p>Nos pierres pr\u00e9cieuses et semi-pr\u00e9cieuses sont s\u00e9lectionn\u00e9es \u00e0 la main et pr\u00e9sentent des variations de couleur car il s'agit d'un mat\u00e9riau naturel.<\/p>\n<p>Disclaimer: The newest production of One has a polished gold surface.<\/p>\n<h5>SPECKS OF WHIRLING STARDUST<\/h5>\n<p>La premi\u00e8re est une collection sur la connectivit\u00e9. La plan\u00e8te Terre dans toutes ses diff\u00e9rentes pr\u00e9sentations et notre interconnexion avec sa mat\u00e9rialit\u00e9. Nous sommes tous des grains de poussi\u00e8re d'\u00e9toile tourbillonnante qui se rassemblent sous diff\u00e9rentes formes.<\/p>\n<p>&nbsp;<\/p>\n<h5>CUSTOM-MADE SIZES<\/h5>\n<p>If you cannot find your size, you are very welcome to contact our customer service.<\/p>","protected":false},"featured_media":10887,"comment_status":"closed","ping_status":"closed","template":"","meta":[],"product_brand":[],"product_cat":[758,668],"product_tag":[],"class_list":{"0":"post-9852","1":"product","2":"type-product","3":"status-publish","4":"has-post-thumbnail","6":"product_cat-one-collection","7":"product_cat-hoops","9":"first","10":"instock","11":"taxable","12":"shipping-taxable","13":"purchasable","14":"product-type-simple"},"_links":{"self":[{"href":"https:\/\/thelongkiss.dk\/fr\/wp-json\/wp\/v2\/product\/9852","targetHints":{"allow":["GET"]}}],"collection":[{"href":"https:\/\/thelongkiss.dk\/fr\/wp-json\/wp\/v2\/product"}],"about":[{"href":"https:\/\/thelongkiss.dk\/fr\/wp-json\/wp\/v2\/types\/product"}],"replies":[{"embeddable":true,"href":"https:\/\/thelongkiss.dk\/fr\/wp-json\/wp\/v2\/comments?post=9852"}],"wp:featuredmedia":[{"embeddable":true,"href":"https:\/\/thelongkiss.dk\/fr\/wp-json\/wp\/v2\/media\/10887"}],"wp:attachment":[{"href":"https:\/\/thelongkiss.dk\/fr\/wp-json\/wp\/v2\/media?parent=9852"}],"wp:term":[{"taxonomy":"product_brand","embeddable":true,"href":"https:\/\/thelongkiss.dk\/fr\/wp-json\/wp\/v2\/product_brand?post=9852"},{"taxonomy":"product_cat","embeddable":true,"href":"https:\/\/thelongkiss.dk\/fr\/wp-json\/wp\/v2\/product_cat?post=9852"},{"taxonomy":"product_tag","embeddable":true,"href":"https:\/\/thelongkiss.dk\/fr\/wp-json\/wp\/v2\/product_tag?post=9852"}],"curies":[{"name":"wp","href":"https:\/\/api.w.org\/{rel}","templated":true}]}}