{"id":9847,"date":"2024-01-26T15:16:59","date_gmt":"2024-01-26T14:16:59","guid":{"rendered":"https:\/\/tlk.stage.heyrobot.com\/?post_type=product&#038;p=9847"},"modified":"2026-01-09T15:13:31","modified_gmt":"2026-01-09T14:13:31","slug":"turn-ring","status":"publish","type":"product","link":"https:\/\/thelongkiss.dk\/fr\/produkt\/turn-ring\/","title":{"rendered":"Bague tournante\n(2 faces)"},"content":{"rendered":"<p>DELIVERY<br \/>\nFor items &#8216;IN STOCK&#8217;:<\/p>\n<p>Denmark 2-4 business days<br \/>\nEurope 3-5 business days<br \/>\nRest of the world 5-9 business days<br \/>\nDelivery on &#8216;MADE TO ORDER&#8217; items can vary from 4-8 weeks. You are always welcome to contact our customer service for an update on your order.<\/p>\n<p>&nbsp;<\/p>","protected":false},"excerpt":{"rendered":"<p>Bague pi\u00e8ce de monnaie tournante, pr\u00e9sentant d'un c\u00f4t\u00e9 la t\u00eate d'une cr\u00e9ature avec sa crini\u00e8re de plumes et de l'autre une sc\u00e8ne \u00e9lectrique o\u00f9 les langues de deux cr\u00e9atures se rencontrent dans un baiser captivant, se fr\u00f4lant mutuellement les babines. Fabriqu\u00e9e en or 18 carats et finie \u00e0 la main par des ma\u00eetres orf\u00e8vres. Fait partie de la Collection Kiss<\/p>\n<p>&nbsp;<\/p>\n<h5>A FAIRYTALE OF PASSION<\/h5>\n<p>The Kiss Collection is a fairytale of passion. Two wildly beasts falling in and out of love &#8211; A tour de force of power play and attraction.<\/p>\n<p>Design : The Long Kiss x Das Rotes Rabbit<\/p>\n<p>&nbsp;<\/p>\n<h5>CUSTOM-MADE SIZES<\/h5>\n<p>If you cannot find your size, you are very welcome to contact our customer service.<\/p>","protected":false},"featured_media":10861,"comment_status":"closed","ping_status":"closed","template":"","meta":[],"product_brand":[],"product_cat":[744,713],"product_tag":[],"class_list":{"0":"post-9847","1":"product","2":"type-product","3":"status-publish","4":"has-post-thumbnail","6":"product_cat-kiss-collection","7":"product_cat-rings","9":"first","10":"instock","11":"taxable","12":"shipping-taxable","13":"purchasable","14":"product-type-variable"},"_links":{"self":[{"href":"https:\/\/thelongkiss.dk\/fr\/wp-json\/wp\/v2\/product\/9847","targetHints":{"allow":["GET"]}}],"collection":[{"href":"https:\/\/thelongkiss.dk\/fr\/wp-json\/wp\/v2\/product"}],"about":[{"href":"https:\/\/thelongkiss.dk\/fr\/wp-json\/wp\/v2\/types\/product"}],"replies":[{"embeddable":true,"href":"https:\/\/thelongkiss.dk\/fr\/wp-json\/wp\/v2\/comments?post=9847"}],"wp:featuredmedia":[{"embeddable":true,"href":"https:\/\/thelongkiss.dk\/fr\/wp-json\/wp\/v2\/media\/10861"}],"wp:attachment":[{"href":"https:\/\/thelongkiss.dk\/fr\/wp-json\/wp\/v2\/media?parent=9847"}],"wp:term":[{"taxonomy":"product_brand","embeddable":true,"href":"https:\/\/thelongkiss.dk\/fr\/wp-json\/wp\/v2\/product_brand?post=9847"},{"taxonomy":"product_cat","embeddable":true,"href":"https:\/\/thelongkiss.dk\/fr\/wp-json\/wp\/v2\/product_cat?post=9847"},{"taxonomy":"product_tag","embeddable":true,"href":"https:\/\/thelongkiss.dk\/fr\/wp-json\/wp\/v2\/product_tag?post=9847"}],"curies":[{"name":"wp","href":"https:\/\/api.w.org\/{rel}","templated":true}]}}